{"id":3,"date":"2024-10-11T22:02:58","date_gmt":"2024-10-12T03:02:58","guid":{"rendered":"https:\/\/portal.itesur.com\/?page_id=3"},"modified":"2024-11-06T20:57:25","modified_gmt":"2024-11-07T01:57:25","slug":"politica-privacidad","status":"publish","type":"page","link":"https:\/\/portal.itesur.com\/?page_id=3","title":{"rendered":"Pol\u00edtica de Privacidad"},"content":{"rendered":"\t\t<div data-elementor-type=\"wp-page\" data-elementor-id=\"3\" class=\"elementor elementor-3\" data-elementor-post-type=\"page\">\n\t\t\t\t<div class=\"elementor-element elementor-element-193f592 e-con-full e-flex e-con e-parent\" data-id=\"193f592\" data-element_type=\"container\">\n\t\t<div class=\"elementor-element elementor-element-6fb15bb e-flex e-con-boxed e-con e-child\" data-id=\"6fb15bb\" data-element_type=\"container\" data-settings=\"{&quot;background_background&quot;:&quot;slideshow&quot;,&quot;background_slideshow_gallery&quot;:[{&quot;id&quot;:467,&quot;url&quot;:&quot;https:\\\/\\\/portal.itesur.com\\\/wp-content\\\/uploads\\\/2024\\\/10\\\/ciberseguridad-america-latina.jpg&quot;},{&quot;id&quot;:468,&quot;url&quot;:&quot;https:\\\/\\\/portal.itesur.com\\\/wp-content\\\/uploads\\\/2024\\\/10\\\/La-importancia-de-la-educacion-en-ciberseguridad-para-empleados-y-clientes.jpg&quot;},{&quot;id&quot;:470,&quot;url&quot;:&quot;https:\\\/\\\/portal.itesur.com\\\/wp-content\\\/uploads\\\/2024\\\/10\\\/que-es-ciberseguridad-800x450.original.jpg&quot;}],&quot;background_slideshow_ken_burns&quot;:&quot;yes&quot;,&quot;background_slideshow_loop&quot;:&quot;yes&quot;,&quot;background_slideshow_slide_duration&quot;:5000,&quot;background_slideshow_slide_transition&quot;:&quot;fade&quot;,&quot;background_slideshow_transition_duration&quot;:500,&quot;background_slideshow_ken_burns_zoom_direction&quot;:&quot;in&quot;}\">\n\t\t\t\t\t<div class=\"e-con-inner\">\n\t\t<div class=\"elementor-element elementor-element-a6d39cc e-con-full e-flex e-con e-child\" data-id=\"a6d39cc\" data-element_type=\"container\">\n\t\t\t\t<div class=\"elementor-element elementor-element-5927d72 elementor-widget-divider--view-line_text elementor-widget-divider--element-align-left elementor-invisible elementor-widget elementor-widget-divider\" data-id=\"5927d72\" data-element_type=\"widget\" data-settings=\"{&quot;_animation&quot;:&quot;fadeInUp&quot;}\" data-widget_type=\"divider.default\">\n\t\t\t\t<div class=\"elementor-widget-container\">\n\t\t\t\t\t<div class=\"elementor-divider\">\n\t\t\t<span class=\"elementor-divider-separator\">\n\t\t\t\t\t\t\t<h3 class=\"elementor-divider__text elementor-divider__element\">\n\t\t\t\tAutorizaci\u00f3n para el Tratamiento de los Datos Personales\t\t\t\t<\/h3>\n\t\t\t\t\t\t<\/span>\n\t\t<\/div>\n\t\t\t\t<\/div>\n\t\t\t\t<\/div>\n\t\t\t\t<div class=\"elementor-element elementor-element-1118dd1 elementor-invisible elementor-widget elementor-widget-heading\" data-id=\"1118dd1\" data-element_type=\"widget\" data-settings=\"{&quot;_animation&quot;:&quot;fadeInUp&quot;,&quot;_animation_delay&quot;:200}\" data-widget_type=\"heading.default\">\n\t\t\t\t<div class=\"elementor-widget-container\">\n\t\t\t<h1 class=\"elementor-heading-title elementor-size-default\">POL\u00cdTICA DE PRIVACIDAD <\/h1>\t\t<\/div>\n\t\t\t\t<\/div>\n\t\t<div class=\"elementor-element elementor-element-850061b e-con-full e-flex e-con e-child\" data-id=\"850061b\" data-element_type=\"container\">\n\t\t\t\t<div class=\"elementor-element elementor-element-e70bea2 elementor-widget elementor-widget-image\" data-id=\"e70bea2\" data-element_type=\"widget\" data-widget_type=\"image.default\">\n\t\t\t\t<div class=\"elementor-widget-container\">\n\t\t\t\t\t\t\t\t\t\t\t\t\t<img fetchpriority=\"high\" decoding=\"async\" width=\"800\" height=\"530\" src=\"https:\/\/portal.itesur.com\/wp-content\/uploads\/2024\/10\/como_influye_la_ia_en_la_ciberseguridad_66c414c2c4-1024x679.png\" class=\"attachment-large size-large wp-image-466\" alt=\"\" srcset=\"https:\/\/portal.itesur.com\/wp-content\/uploads\/2024\/10\/como_influye_la_ia_en_la_ciberseguridad_66c414c2c4-1024x679.png 1024w, https:\/\/portal.itesur.com\/wp-content\/uploads\/2024\/10\/como_influye_la_ia_en_la_ciberseguridad_66c414c2c4-300x199.png 300w, https:\/\/portal.itesur.com\/wp-content\/uploads\/2024\/10\/como_influye_la_ia_en_la_ciberseguridad_66c414c2c4-768x509.png 768w, https:\/\/portal.itesur.com\/wp-content\/uploads\/2024\/10\/como_influye_la_ia_en_la_ciberseguridad_66c414c2c4-1536x1018.png 1536w, https:\/\/portal.itesur.com\/wp-content\/uploads\/2024\/10\/como_influye_la_ia_en_la_ciberseguridad_66c414c2c4.png 2000w\" sizes=\"(max-width: 800px) 100vw, 800px\" \/>\t\t\t\t\t\t\t\t\t\t\t\t\t<\/div>\n\t\t\t\t<\/div>\n\t\t\t\t<\/div>\n\t\t\t\t<div class=\"elementor-element elementor-element-4b1aca4 elementor-widget elementor-widget-text-editor\" data-id=\"4b1aca4\" data-element_type=\"widget\" data-widget_type=\"text-editor.default\">\n\t\t\t\t<div class=\"elementor-widget-container\">\n\t\t\t\t\t\t\t<p><span style=\"font-weight: 400;\">Este documento establece el acuerdo de tratamiento de datos y pol\u00edtica de privacidad que ITESUR ofrece a sus clientes y usuarios.<\/span><\/p><p><span style=\"font-weight: 400;\">ITESUR, es responsable del tratamiento y la seguridad de los datos personales proporcionados por el usuario, los cuales estar\u00e1n almacenados en una base de datos de su titularidad, gestionada con las medidas de seguridad y confidencialidad correspondientes.<\/span><\/p><p><b>Datos Personales que ser\u00e1n tratados<\/b><\/p><p><span style=\"font-weight: 400;\">ITESUR tratar\u00e1 los datos personales de car\u00e1cter identificativo y de caracter\u00edsticas personales tales como: nombres y apellidos; documentos de identidad; domicilio; tel\u00e9fonos; correo electr\u00f3nico; imagen; firmas; fecha de nacimiento; profesi\u00f3n; ocupaci\u00f3n; edad; datos acad\u00e9micos y h\u00e1bitos de consumo o geolocalizaci\u00f3n.<\/span><\/p>\t\t\t\t\t\t<\/div>\n\t\t\t\t<\/div>\n\t\t\t\t<\/div>\n\t\t<div class=\"elementor-element elementor-element-bdb8354 e-con-full e-flex e-con e-child\" data-id=\"bdb8354\" data-element_type=\"container\">\n\t\t\t\t<div class=\"elementor-element elementor-element-6735258 elementor-widget elementor-widget-text-editor\" data-id=\"6735258\" data-element_type=\"widget\" data-widget_type=\"text-editor.default\">\n\t\t\t\t<div class=\"elementor-widget-container\">\n\t\t\t\t\t\t\t<p><b>Finalidad del tratamiento y transferencias a terceros<\/b><\/p><p><span style=\"font-weight: 400;\">Los datos personales de contacto podr\u00e1n ser utilizados a trav\u00e9s de canales presenciales y no presenciales con los siguientes prop\u00f3sitos:<\/span><\/p>\t\t\t\t\t\t<\/div>\n\t\t\t\t<\/div>\n\t\t\t\t<div class=\"elementor-element elementor-element-71a87de elementor-widget elementor-widget-text-editor\" data-id=\"71a87de\" data-element_type=\"widget\" data-widget_type=\"text-editor.default\">\n\t\t\t\t<div class=\"elementor-widget-container\">\n\t\t\t\t\t\t\t<ol><li style=\"font-weight: 400;\" aria-level=\"1\"><span style=\"font-weight: 400;\">Enviar publicidad, obsequios y ofertas de productos o servicios de ITESUR y\/o en alianza con socios comerciales, por cualquier medio de comunicaci\u00f3n f\u00edsica o electr\u00f3nica (tel\u00e9fono, correo electr\u00f3nico, mensajes instant\u00e1neos, SMS, redes sociales, p\u00e1ginas web u otros medios similares).<\/span><\/li><li style=\"font-weight: 400;\" aria-level=\"1\"><span style=\"font-weight: 400;\">Realizar actividades de mercadeo, tales como informes comerciales, estad\u00edsticas, encuestas y estudios de mercado.<\/span><\/li><li style=\"font-weight: 400;\" aria-level=\"1\"><span style=\"font-weight: 400;\">Verificar que la informaci\u00f3n proporcionada sea correcta y verdadera.<\/span><\/li><\/ol>\t\t\t\t\t\t<\/div>\n\t\t\t\t<\/div>\n\t\t\t\t<div class=\"elementor-element elementor-element-2a1e197 elementor-widget elementor-widget-text-editor\" data-id=\"2a1e197\" data-element_type=\"widget\" data-widget_type=\"text-editor.default\">\n\t\t\t\t<div class=\"elementor-widget-container\">\n\t\t\t\t\t\t\t<p><span style=\"font-weight: 400;\">En caso de que ITESUR desee dar a los datos personales un uso distinto a los se\u00f1alados, lo notificar\u00e1 al usuario por correo electr\u00f3nico, permiti\u00e9ndole oponerse a dichos tratamientos en caso de estar en desacuerdo. ITESUR podr\u00e1 tratar los datos personales proporcionados o a los que pueda acceder de manera f\u00edsica, oral o electr\u00f3nica, a trav\u00e9s de fuentes p\u00fablicas o terceros y\/o entidades de consulta domiciliadas en Per\u00fa o en el extranjero, sean personas naturales o jur\u00eddicas, privadas o p\u00fablicas.<\/span><\/p><p><b>Plazo de conservaci\u00f3n de los Datos Personales<\/b><\/p><p>\u00a0<\/p><p><span style=\"font-weight: 400;\">Los datos personales se mantendr\u00e1n almacenados mientras sea necesario para cumplir con las finalidades anteriormente descritas. En todo momento, el usuario tendr\u00e1 derecho a rectificar y\/o actualizar sus datos personales, cancelarlos, oponerse, limitar y\/o revocar su tratamiento comercial. Para ello, bastar\u00e1 con presentar una solicitud a ITESUR.<\/span><\/p><p>\u00a0<\/p><p><span style=\"font-weight: 400;\">Asimismo, el usuario ha sido informado de que no est\u00e1 obligado a autorizar el uso comercial de sus datos, y que esta autorizaci\u00f3n no es un requisito para acceder a los productos o servicios ofrecidos por ITESUR.<\/span><\/p><p><br \/><br \/><\/p>\t\t\t\t\t\t<\/div>\n\t\t\t\t<\/div>\n\t\t\t\t<\/div>\n\t\t\t\t\t<\/div>\n\t\t\t\t<\/div>\n\t\t\t\t<\/div>\n\t\t\t\t<\/div>\n\t\t","protected":false},"excerpt":{"rendered":"<p>Autorizaci\u00f3n para el Tratamiento de los Datos Personales POL\u00cdTICA DE PRIVACIDAD Este documento establece el acuerdo de tratamiento de datos y pol\u00edtica de privacidad que ITESUR ofrece a sus clientes y usuarios. ITESUR, es responsable del tratamiento y la seguridad de los datos personales proporcionados por el usuario, los cuales estar\u00e1n almacenados en una base [&hellip;]<\/p>\n","protected":false},"author":1,"featured_media":0,"parent":0,"menu_order":0,"comment_status":"closed","ping_status":"closed","template":"","meta":{"om_disable_all_campaigns":false,"_monsterinsights_skip_tracking":false,"_monsterinsights_sitenote_active":false,"_monsterinsights_sitenote_note":"","_monsterinsights_sitenote_category":0,"_uf_show_specific_survey":0,"_uf_disable_surveys":false,"footnotes":""},"class_list":["post-3","page","type-page","status-publish","hentry"],"aioseo_notices":[],"_links":{"self":[{"href":"https:\/\/portal.itesur.com\/index.php?rest_route=\/wp\/v2\/pages\/3","targetHints":{"allow":["GET"]}}],"collection":[{"href":"https:\/\/portal.itesur.com\/index.php?rest_route=\/wp\/v2\/pages"}],"about":[{"href":"https:\/\/portal.itesur.com\/index.php?rest_route=\/wp\/v2\/types\/page"}],"author":[{"embeddable":true,"href":"https:\/\/portal.itesur.com\/index.php?rest_route=\/wp\/v2\/users\/1"}],"replies":[{"embeddable":true,"href":"https:\/\/portal.itesur.com\/index.php?rest_route=%2Fwp%2Fv2%2Fcomments&post=3"}],"version-history":[{"count":12,"href":"https:\/\/portal.itesur.com\/index.php?rest_route=\/wp\/v2\/pages\/3\/revisions"}],"predecessor-version":[{"id":474,"href":"https:\/\/portal.itesur.com\/index.php?rest_route=\/wp\/v2\/pages\/3\/revisions\/474"}],"wp:attachment":[{"href":"https:\/\/portal.itesur.com\/index.php?rest_route=%2Fwp%2Fv2%2Fmedia&parent=3"}],"curies":[{"name":"wp","href":"https:\/\/api.w.org\/{rel}","templated":true}]}}